{"id":12,"date":"2025-05-04T11:36:32","date_gmt":"2025-05-04T02:36:32","guid":{"rendered":"https:\/\/fujiplant.jp\/?page_id=12"},"modified":"2025-11-25T10:07:26","modified_gmt":"2025-11-25T01:07:26","slug":"%e3%83%95%e3%82%b8%e3%83%97%e3%83%a9%e3%83%b3%e3%83%88%e3%81%aelp","status":"publish","type":"page","link":"https:\/\/fujiplant.jp\/","title":{"rendered":"\u30d5\u30b8\u30d7\u30e9\u30f3\u30c8\u306eLP-Home"},"content":{"rendered":"\n<div class=\"wp-block-cover alignfull is-light has-parallax is-repeated is-position-center-center\"><div class=\"wp-block-cover__image-background wp-image-2909 has-parallax is-repeated\" style=\"background-position:50% 50%;background-image:url(https:\/\/lptemp.com\/dx\/wp-content\/uploads\/2021\/12\/linedpaper.png)\"><\/div><span aria-hidden=\"true\" class=\"wp-block-cover__background has-luminous-vivid-orange-background-color has-background-dim-0 has-background-dim\"><\/span><div class=\"wp-block-cover__inner-container is-layout-flow wp-block-cover-is-layout-flow\">\n<div class=\"wp-block-group colorful_cover_inner has-white-color has-text-color is-layout-flow wp-block-group-is-layout-flow\">\n<div class=\"wp-block-group is-layout-flow wp-block-group-is-layout-flow\">\n<div class=\"wp-block-group line-h015 is-layout-flow wp-block-group-is-layout-flow\">\n<div class=\"wp-block-group is-layout-flow wp-block-group-is-layout-flow\">\n<figure class=\"wp-block-image aligncenter size-full is-resized\"><img loading=\"lazy\" decoding=\"async\" width=\"307\" height=\"365\" src=\"https:\/\/fujiplant.jp\/wp-content\/uploads\/2025\/09\/yd-geCkf6IM32ZDxg7k56-2.webp\" alt=\"\" class=\"wp-image-328\" style=\"width:71px;height:auto\" srcset=\"https:\/\/fujiplant.jp\/wp-content\/uploads\/2025\/09\/yd-geCkf6IM32ZDxg7k56-2.webp 307w, https:\/\/fujiplant.jp\/wp-content\/uploads\/2025\/09\/yd-geCkf6IM32ZDxg7k56-2-252x300.webp 252w\" sizes=\"auto, (max-width: 307px) 100vw, 307px\" \/><\/figure>\n\n\n\n<h1 class=\"wp-block-heading has-text-align-center is-style-webfont2 mg-0 has-text-color has-medium-font-size\" style=\"color:#21268e\">Wellcome to our site!<\/h1>\n\n\n\n<p class=\"has-text-align-center has-black-color has-text-color has-normal-font-size\">Vui l\u00f2ng ch\u1ecdn ng\u00f4n ng\u1eef b\u00ean d\u01b0\u1edbi.Please select a language below.\u4e0b\u8a18\u304b\u3089\u8a00\u8a9e\u3092\u9078\u3093\u3067\u304f\u3060\u3055\u3044\u3002<\/p>\n<\/div>\n<\/div>\n\n\n\n<div style=\"height:40px\" aria-hidden=\"true\" class=\"wp-block-spacer\"><\/div>\n\n\n\n<div class=\"wp-block-group is-layout-flow wp-block-group-is-layout-flow\">\n<div class=\"wp-block-columns is-layout-flex wp-container-core-columns-is-layout-28f84493 wp-block-columns-is-layout-flex\">\n<div class=\"wp-block-column is-layout-flow wp-block-column-is-layout-flow\">\n<div class=\"wp-block-group is-layout-flow wp-block-group-is-layout-flow\">\n<div class=\"wp-block-cover aligncenter is-light is-position-center-center colorful-frame7-kai\"><span aria-hidden=\"true\" class=\"wp-block-cover__background has-background-dim-100 has-background-dim has-background-gradient has-electric-grass-gradient-background\"><\/span><div class=\"wp-block-cover__inner-container is-layout-flow wp-block-cover-is-layout-flow\">\n<div class=\"wp-block-group pd-20 is-style-shadow-A has-white-background-color has-text-color has-background is-layout-flow wp-block-group-is-layout-flow\" style=\"color:#333333\">\n<div class=\"wp-block-group has-text-color is-layout-flow wp-block-group-is-layout-flow\" style=\"color:#91aec2\">\n<p class=\"is-style-webfont1 subheading-afterline has-text-color has-medium-font-size\" style=\"color:#21268e\"><strong><em> Vietnamese<\/em><\/strong><\/p>\n<\/div>\n\n\n\n<h2 class=\"wp-block-heading is-style-default has-black-color has-text-color has-medium-font-size\">L\u00e0 \u0111\u01a1n v\u1ecb ti\u00ean phong trong l\u0129nh v\u1ef1c l\u01b0u tr\u1eef CA d\u00e0i h\u1ea1n, ch\u00fang t\u00f4i bi\u1ebfn \u0111\u1ed9 t\u01b0\u01a1i tr\u1edf th\u00e0nh \u201ct\u00e0i s\u1ea3n.\u201d<br>\u1ee8ng d\u1ee5ng c\u00f4ng ngh\u1ec7 CA ti\u00ean ti\u1ebfn nh\u1ea5t, ch\u00fang t\u00f4i x\u00e2y d\u1ef1ng m\u00f4i tr\u01b0\u1eddng b\u1ea3o qu\u1ea3n t\u1ed1i \u01b0u nh\u1eb1m khai m\u1edf to\u00e0n b\u1ed9 ti\u1ec1m n\u0103ng c\u1ee7a m\u1ecdi lo\u1ea1i n\u00f4ng s\u1ea3n.<\/h2>\n\n\n\n<figure class=\"wp-block-image size-large\"><img loading=\"lazy\" decoding=\"async\" width=\"1024\" height=\"771\" src=\"https:\/\/fujiplant.jp\/wp-content\/uploads\/2025\/09\/PXL_20250708_014806174.MP-1-1024x771.jpg\" alt=\"\" class=\"wp-image-315\" srcset=\"https:\/\/fujiplant.jp\/wp-content\/uploads\/2025\/09\/PXL_20250708_014806174.MP-1-1024x771.jpg 1024w, https:\/\/fujiplant.jp\/wp-content\/uploads\/2025\/09\/PXL_20250708_014806174.MP-1-300x226.jpg 300w, https:\/\/fujiplant.jp\/wp-content\/uploads\/2025\/09\/PXL_20250708_014806174.MP-1-768x578.jpg 768w, https:\/\/fujiplant.jp\/wp-content\/uploads\/2025\/09\/PXL_20250708_014806174.MP-1-1536x1157.jpg 1536w, https:\/\/fujiplant.jp\/wp-content\/uploads\/2025\/09\/PXL_20250708_014806174.MP-1-2048x1542.jpg 2048w, https:\/\/fujiplant.jp\/wp-content\/uploads\/2025\/09\/PXL_20250708_014806174.MP-1-624x470.jpg 624w\" sizes=\"auto, (max-width: 1024px) 100vw, 1024px\" \/><\/figure>\n\n\n\n<hr class=\"wp-block-separator has-text-color has-css-opacity has-background is-style-wide\" style=\"background-color:#dfdada;color:#dfdada\"\/>\n\n\n\n<p class=\"has-black-color has-text-color\" style=\"font-size:14px\">\u201cVi\u1ec7c x\u00e2y d\u1ef1ng h\u1ec7 th\u1ed1ng b\u1ea3o qu\u1ea3n v\u00e0 v\u1eadn chuy\u1ec3n gi\u00fap cung \u1ee9ng \u1ed5n \u0111\u1ecbnh c\u00e1c lo\u1ea1i n\u00f4ng s\u1ea3n c\u00f3 m\u00f9a v\u1ee5 thu ho\u1ea1ch nh\u1ea5t \u0111\u1ecbnh trong su\u1ed1t c\u1ea3 n\u0103m s\u1ebd \u0111\u00f3ng g\u00f3p to l\u1edbn cho s\u1ef1 ph\u00e1t tri\u1ec3n kinh t\u1ebf b\u1ec1n v\u1eefng.\u201d<\/p>\n\n\n\n<p class=\"has-black-color has-text-color\" style=\"font-size:14px\"><\/p>\n\n\n\n<div class=\"wp-block-buttons is-content-justification-center is-layout-flex wp-container-core-buttons-is-layout-a89b3969 wp-block-buttons-is-layout-flex\">\n<div class=\"wp-block-button is-style-fill\"><a class=\"wp-block-button__link has-white-color has-electric-grass-gradient-background has-text-color has-background has-link-color has-text-align-center wp-element-button\" href=\"https:\/\/fujiplant.jp\/?page_id=486\">Nh\u1ea5n v\u00e0o \u0111\u00e2y \u0111\u1ec3 t\u00ecm hi\u1ec3u chi ti\u1ebft v\u1ec1 doanh nghi\u1ec7p<\/a><\/div>\n<\/div>\n\n\n\n<p class=\"has-vivid-red-color has-text-color has-link-color wp-elements-7269ffda7ab8b32eb3044f59e8ac3be5\">Ch\u00fang t\u00f4i s\u1eed d\u1ee5ng c\u00f4ng ngh\u1ec7 gi\u1eef \u0111\u1ed9 t\u01b0\u01a1i \u0111\u1ed9c quy\u1ec1n \u0111\u1ec3 gi\u1ea3i quy\u1ebft c\u00e1c th\u00e1ch th\u1ee9c trong b\u1ea3o qu\u1ea3n v\u00e0 v\u1eadn chuy\u1ec3n th\u1ef1c ph\u1ea9m.<\/p>\n<\/div>\n<\/div><\/div>\n<\/div>\n\n\n\n<div style=\"height:40px\" aria-hidden=\"true\" class=\"wp-block-spacer\"><\/div>\n<\/div>\n\n\n\n<div class=\"wp-block-column is-layout-flow wp-block-column-is-layout-flow\">\n<div class=\"wp-block-group is-layout-flow wp-block-group-is-layout-flow\">\n<div class=\"wp-block-cover aligncenter is-light is-position-center-center colorful-frame7-kai\"><span aria-hidden=\"true\" class=\"wp-block-cover__background has-background-dim-100 has-background-dim has-background-gradient has-luminous-vivid-amber-to-luminous-vivid-orange-gradient-background\"><\/span><div class=\"wp-block-cover__inner-container is-layout-flow wp-block-cover-is-layout-flow\">\n<div class=\"wp-block-group pd-20 is-style-shadow-A has-white-background-color has-text-color has-background is-layout-flow wp-block-group-is-layout-flow\" style=\"color:#333333\">\n<div class=\"wp-block-group has-text-color is-layout-flow wp-block-group-is-layout-flow\" style=\"color:#91aec2\">\n<p class=\"is-style-webfont1 subheading-afterline has-text-color has-medium-font-size\" style=\"color:#21268e\"><strong><em> English<\/em><\/strong><\/p>\n<\/div>\n\n\n\n<h2 class=\"wp-block-heading is-style-default has-black-color has-text-color has-medium-font-size\">As a pioneer in long-term CA storage, we transform freshness into \u201cvalue.\u201d<br>Using the most advanced controlled atmosphere technology, we create optimal storage environments that unlock the full potential of every crop.<\/h2>\n\n\n\n<figure class=\"wp-block-image\"><img loading=\"lazy\" decoding=\"async\" width=\"542\" height=\"305\" src=\"https:\/\/fujiplant.jp\/wp-content\/uploads\/2025\/09\/Comp\u7de8\u96c6\u6e08-0014-1.webp\" alt=\"\" class=\"wp-image-305\" srcset=\"https:\/\/fujiplant.jp\/wp-content\/uploads\/2025\/09\/Comp\u7de8\u96c6\u6e08-0014-1.webp 542w, https:\/\/fujiplant.jp\/wp-content\/uploads\/2025\/09\/Comp\u7de8\u96c6\u6e08-0014-1-300x169.webp 300w\" sizes=\"auto, (max-width: 542px) 100vw, 542px\" \/><\/figure>\n\n\n\n<hr class=\"wp-block-separator has-text-color has-css-opacity has-background is-style-wide\" style=\"background-color:#dfdada;color:#dfdada\"\/>\n\n\n\n<p class=\"has-black-color has-text-color\" style=\"font-size:14px\">Developing storage and logistics systems that ensure a year-round stable supply of seasonal produce greatly contributes to economic development.<\/p>\n\n\n\n<div class=\"wp-block-buttons is-layout-flex wp-block-buttons-is-layout-flex\">\n<div class=\"wp-block-button is-style-fill\"><a class=\"wp-block-button__link has-white-color has-luminous-vivid-amber-to-luminous-vivid-orange-gradient-background has-text-color has-background has-link-color has-text-align-center wp-element-button\" href=\"https:\/\/fujiplant.jp\/?page_id=525\">Click here to learn more about our company<\/a><\/div>\n<\/div>\n\n\n\n<p class=\"has-vivid-red-color has-text-color has-link-color wp-elements-9f3c10f617e6aa47635e47a7eb8f23ff\">We address storage and logistics challenges through our advanced freshness preservation technology.<\/p>\n<\/div>\n<\/div><\/div>\n<\/div>\n\n\n\n<div style=\"height:40px\" aria-hidden=\"true\" class=\"wp-block-spacer\"><\/div>\n<\/div>\n\n\n\n<div class=\"wp-block-column is-layout-flow wp-block-column-is-layout-flow\">\n<div class=\"wp-block-group is-layout-flow wp-block-group-is-layout-flow\">\n<div class=\"wp-block-cover aligncenter is-light is-position-center-center colorful-frame7-kai\"><span aria-hidden=\"true\" class=\"wp-block-cover__background has-background-dim-100 has-background-dim has-background-gradient has-vivid-cyan-blue-to-vivid-purple-gradient-background\"><\/span><div class=\"wp-block-cover__inner-container is-layout-flow wp-block-cover-is-layout-flow\">\n<div class=\"wp-block-group pd-20 is-style-shadow-A has-white-background-color has-text-color has-background is-layout-flow wp-block-group-is-layout-flow\" style=\"color:#333333\">\n<div class=\"wp-block-group has-text-color is-layout-flow wp-block-group-is-layout-flow\" style=\"color:#91aec2\">\n<p class=\"is-style-webfont1 subheading-afterline has-text-color has-medium-font-size\" style=\"color:#21268e\"><strong><em> Japanese<\/em><\/strong><\/p>\n<\/div>\n\n\n\n<h2 class=\"wp-block-heading is-style-default has-black-color has-text-color has-medium-font-size\">CA<strong>\u9577\u671f\u8caf\u8535\u306e\u30d1\u30a4\u30aa\u30cb\u30a2\u3068\u3057\u3066\u3001\u9bae\u5ea6\u3092\u300c\u8cc7\u7523\u300d\u3078\u3002<\/strong> <strong>\u6700\u9ad8\u5cf0\u306eCA\u6280\u8853\u3092\u99c6\u4f7f\u3057\u3001\u3042\u3089\u3086\u308b\u4f5c\u7269\u306e\u53ef\u80fd\u6027\u3092\u62d3\u304f\u6700\u9069\u306a\u8caf\u8535\u74b0\u5883\u3092\u69cb\u7bc9\u3057\u307e\u3059\u3002<\/strong><\/h2>\n\n\n\n<div class=\"wp-block-columns is-layout-flex wp-container-core-columns-is-layout-28f84493 wp-block-columns-is-layout-flex\">\n<div class=\"wp-block-column is-layout-flow wp-block-column-is-layout-flow\" style=\"flex-basis:100%\">\n<figure class=\"wp-block-image size-large\"><img loading=\"lazy\" decoding=\"async\" width=\"1024\" height=\"761\" src=\"https:\/\/fujiplant.jp\/wp-content\/uploads\/2025\/09\/EOD2m2PbRUcEIBBn47kjw-1024x761.png\" alt=\"\" class=\"wp-image-314\" srcset=\"https:\/\/fujiplant.jp\/wp-content\/uploads\/2025\/09\/EOD2m2PbRUcEIBBn47kjw-1024x761.png 1024w, https:\/\/fujiplant.jp\/wp-content\/uploads\/2025\/09\/EOD2m2PbRUcEIBBn47kjw-300x223.png 300w, https:\/\/fujiplant.jp\/wp-content\/uploads\/2025\/09\/EOD2m2PbRUcEIBBn47kjw-768x571.png 768w, https:\/\/fujiplant.jp\/wp-content\/uploads\/2025\/09\/EOD2m2PbRUcEIBBn47kjw-624x464.png 624w, https:\/\/fujiplant.jp\/wp-content\/uploads\/2025\/09\/EOD2m2PbRUcEIBBn47kjw.png 1184w\" sizes=\"auto, (max-width: 1024px) 100vw, 1024px\" \/><\/figure>\n\n\n\n<hr class=\"wp-block-separator has-text-color has-css-opacity has-background is-style-wide\" style=\"background-color:#dfdada;color:#dfdada\"\/>\n<\/div>\n<\/div>\n\n\n\n<p class=\"has-black-color has-text-color\" style=\"font-size:14px\">\u53ce\u7a6b\u671f\u304c\u9650\u3089\u308c\u308b\u9752\u679c\u7269\u3092\u3001\u5e74\u9593\u3092\u901a\u3058\u3066\u5b89\u5b9a\u4f9b\u7d66\u3067\u304d\u308b\u8caf\u8535\u30fb\u8f38\u9001\u30b7\u30b9\u30c6\u30e0\u306e\u69cb\u7bc9\u306f\u3001\u7d4c\u6e08\u767a\u5c55\u306b\u5927\u304d\u304f\u8ca2\u732e\u3057\u307e\u3059\u3002<\/p>\n\n\n\n<div class=\"wp-block-buttons is-content-justification-center is-layout-flex wp-container-core-buttons-is-layout-a89b3969 wp-block-buttons-is-layout-flex\">\n<div class=\"wp-block-button is-style-fill\"><a class=\"wp-block-button__link has-white-color has-vivid-cyan-blue-to-vivid-purple-gradient-background has-text-color has-background has-link-color has-text-align-center wp-element-button\" href=\"https:\/\/fujiplant.jp\/?page_id=274\">\u4f01\u696d\u7d39\u4ecb\u306f\u3053\u3061\u3089\u3092\u30af\u30ea\u30c3\u30af<\/a><\/div>\n<\/div>\n\n\n\n<p class=\"has-vivid-red-color has-text-color has-link-color wp-elements-f0136029233c3df9b8966335955d1f6e\">\u72ec\u81ea\u306e<strong>\u9bae\u5ea6\u4fdd\u6301\u6280\u8853\u3067\u3001\u8caf\u8535\u3068\u7269\u6d41\u306e\u8ab2\u984c\u3092\u89e3\u6c7a<\/strong>\u3057\u307e\u3059\u3002<\/p>\n<\/div>\n<\/div><\/div>\n<\/div>\n\n\n\n<div style=\"height:40px\" aria-hidden=\"true\" class=\"wp-block-spacer\"><\/div>\n<\/div>\n<\/div>\n<\/div>\n<\/div>\n<\/div>\n<\/div><\/div>\n\n\n\n<div class=\"wp-block-cover alignfull is-light is-position-center-center\"><img loading=\"lazy\" decoding=\"async\" width=\"1024\" height=\"1004\" class=\"wp-block-cover__image-background wp-image-339 size-large\" alt=\"\" src=\"https:\/\/fujiplant.jp\/wp-content\/uploads\/2025\/09\/PXL_20250715_04313089sssss2-1-1-1024x1004.jpg\" data-object-fit=\"cover\" srcset=\"https:\/\/fujiplant.jp\/wp-content\/uploads\/2025\/09\/PXL_20250715_04313089sssss2-1-1-1024x1004.jpg 1024w, https:\/\/fujiplant.jp\/wp-content\/uploads\/2025\/09\/PXL_20250715_04313089sssss2-1-1-300x294.jpg 300w, https:\/\/fujiplant.jp\/wp-content\/uploads\/2025\/09\/PXL_20250715_04313089sssss2-1-1-768x753.jpg 768w, https:\/\/fujiplant.jp\/wp-content\/uploads\/2025\/09\/PXL_20250715_04313089sssss2-1-1-1536x1506.jpg 1536w, https:\/\/fujiplant.jp\/wp-content\/uploads\/2025\/09\/PXL_20250715_04313089sssss2-1-1-2048x2008.jpg 2048w, https:\/\/fujiplant.jp\/wp-content\/uploads\/2025\/09\/PXL_20250715_04313089sssss2-1-1-624x612.jpg 624w\" sizes=\"auto, (max-width: 1024px) 100vw, 1024px\" \/><span aria-hidden=\"true\" class=\"wp-block-cover__background has-background-dim\" style=\"background-color:#f5f5f5\"><\/span><div class=\"wp-block-cover__inner-container is-layout-flow wp-block-cover-is-layout-flow\">\n<div class=\"wp-block-group colorful_cover_inner pd-0 has-white-color has-text-color is-layout-flow wp-block-group-is-layout-flow\">\n<div style=\"height:50px\" aria-hidden=\"true\" class=\"wp-block-spacer\"><\/div>\n\n\n\n<div class=\"wp-block-cover aligncenter is-position-center-center colorful-frame2\"><span aria-hidden=\"true\" class=\"wp-block-cover__background has-black-background-color has-background-dim-100 has-background-dim\"><\/span><div class=\"wp-block-cover__inner-container is-layout-flow wp-block-cover-is-layout-flow\">\n<div class=\"wp-block-group has-white-background-color has-text-color has-background is-layout-flow wp-block-group-is-layout-flow\" style=\"color:#333333\">\n<div class=\"wp-block-group colorful_Heading_New_Basic is-style-default is-layout-flow wp-block-group-is-layout-flow\">\n<h1 class=\"wp-block-heading has-text-align-center large-size-heading has-text-color has-medium-font-size\" style=\"color:#343434\">Li\u00ean h\u1ec7 v\u1edbi ch\u00fang t\u00f4i t\u1ea1i \u0111\u00e2y<br>Contact Form<br>\u304a\u554f\u3044\u5408\u308f\u305b\u306f\u3053\u3061\u3089<\/h1>\n<\/div>\n\n\n\n<div class=\"wp-block-columns are-vertically-aligned-center is-layout-flex wp-container-core-columns-is-layout-28f84493 wp-block-columns-is-layout-flex\">\n<div class=\"wp-block-column is-vertically-aligned-center is-layout-flow wp-block-column-is-layout-flow\" style=\"flex-basis:50%\">\n<div class=\"wpcf7 no-js\" id=\"wpcf7-f335-o1\" lang=\"ja\" dir=\"ltr\" data-wpcf7-id=\"335\">\n<div class=\"screen-reader-response\"><p role=\"status\" aria-live=\"polite\" aria-atomic=\"true\"><\/p> <ul><\/ul><\/div>\n<form action=\"\/index.php?rest_route=%2Fwp%2Fv2%2Fpages%2F12#wpcf7-f335-o1\" method=\"post\" class=\"wpcf7-form init\" aria-label=\"\u30b3\u30f3\u30bf\u30af\u30c8\u30d5\u30a9\u30fc\u30e0\" novalidate=\"novalidate\" data-status=\"init\">\n<fieldset class=\"hidden-fields-container\"><input type=\"hidden\" name=\"_wpcf7\" value=\"335\" \/><input type=\"hidden\" name=\"_wpcf7_version\" value=\"6.1.1\" \/><input type=\"hidden\" name=\"_wpcf7_locale\" value=\"ja\" \/><input type=\"hidden\" name=\"_wpcf7_unit_tag\" value=\"wpcf7-f335-o1\" \/><input type=\"hidden\" name=\"_wpcf7_container_post\" value=\"0\" \/><input type=\"hidden\" name=\"_wpcf7_posted_data_hash\" value=\"\" \/><input type=\"hidden\" name=\"_wpcf7_recaptcha_response\" value=\"\" \/>\n<\/fieldset>\n<p><label> \u8cb4\u793e\u540d Your Companyname<br \/>\n<span class=\"wpcf7-form-control-wrap\" data-name=\"your-companyname\"><input size=\"40\" maxlength=\"400\" class=\"wpcf7-form-control wpcf7-text wpcf7-validates-as-required\" autocomplete=\"Cmpanyname\" aria-required=\"true\" aria-invalid=\"false\" value=\"\" type=\"text\" name=\"your-companyname\" \/><\/span> <\/label>\n<\/p>\n<p><label> \u304a\u540d\u524d Your Name<br \/>\n<span class=\"wpcf7-form-control-wrap\" data-name=\"your-name\"><input size=\"40\" maxlength=\"400\" class=\"wpcf7-form-control wpcf7-text wpcf7-validates-as-required\" autocomplete=\"name\" aria-required=\"true\" aria-invalid=\"false\" value=\"\" type=\"text\" name=\"your-name\" \/><\/span> <\/label>\n<\/p>\n<p><label> \u30e1\u30fc\u30eb\u30a2\u30c9\u30ec\u30b9 E-mail address<br \/>\n<span class=\"wpcf7-form-control-wrap\" data-name=\"your-email\"><input size=\"40\" maxlength=\"400\" class=\"wpcf7-form-control wpcf7-email wpcf7-validates-as-required wpcf7-text wpcf7-validates-as-email\" autocomplete=\"email\" aria-required=\"true\" aria-invalid=\"false\" value=\"\" type=\"email\" name=\"your-email\" \/><\/span> <\/label>\n<\/p>\n<p><label> \u30bf\u30a4\u30c8\u30eb Title<br \/>\n<span class=\"wpcf7-form-control-wrap\" data-name=\"your-subject\"><input size=\"40\" maxlength=\"400\" class=\"wpcf7-form-control wpcf7-text wpcf7-validates-as-required\" aria-required=\"true\" aria-invalid=\"false\" value=\"\" type=\"text\" name=\"your-subject\" \/><\/span> <\/label>\n<\/p>\n<p><label> \u30e1\u30c3\u30bb\u30fc\u30b8\u672c\u6587 massage<br \/>\n<span class=\"wpcf7-form-control-wrap\" data-name=\"your-message\"><textarea cols=\"40\" rows=\"10\" maxlength=\"2000\" class=\"wpcf7-form-control wpcf7-textarea\" aria-invalid=\"false\" name=\"your-message\"><\/textarea><\/span> <\/label>\n<\/p>\n<p><input class=\"wpcf7-form-control wpcf7-submit has-spinner\" type=\"submit\" value=\"\u9001\u4fe1 Submit\" \/>\n<\/p><div class=\"wpcf7-response-output\" aria-hidden=\"true\"><\/div>\n<\/form>\n<\/div>\n\n<\/div>\n<\/div>\n<\/div>\n<\/div><\/div>\n\n\n\n<div style=\"height:50px\" aria-hidden=\"true\" class=\"wp-block-spacer\"><\/div>\n<\/div>\n<\/div><\/div>\n\n\n\n<figure class=\"wp-block-embed is-type-wp-embed\"><div class=\"wp-block-embed__wrapper\">\n<blockquote class=\"wp-embedded-content\" data-secret=\"KR03MSG6cU\"><a href=\"https:\/\/fujiplant.net\/privacy\">\u500b\u4eba\u60c5\u5831\u4fdd\u8b77\u65b9\u91dd<\/a><\/blockquote><iframe loading=\"lazy\" class=\"wp-embedded-content\" sandbox=\"allow-scripts\" security=\"restricted\" style=\"position: absolute; visibility: hidden;\" title=\"&#8220;\u500b\u4eba\u60c5\u5831\u4fdd\u8b77\u65b9\u91dd&#8221; &#8212; \u30d5\u30b8\u30d7\u30e9\u30f3\u30c8\u682a\u5f0f\u4f1a\u793e\" src=\"https:\/\/fujiplant.net\/privacy\/embed#?secret=7hsrKw69au#?secret=KR03MSG6cU\" data-secret=\"KR03MSG6cU\" width=\"600\" height=\"338\" frameborder=\"0\" marginwidth=\"0\" marginheight=\"0\" scrolling=\"no\"><\/iframe>\n<\/div><\/figure>\n\n\n\n<p class=\"has-text-align-center\">Copyright(C)Fujiplant Co.,Ltd. all rights reserved.<\/p>\n\n\n\n<p><\/p>\n","protected":false},"excerpt":{"rendered":"<p>Copyright(C)Fujiplant Co.,Ltd. all rights reserved.<\/p>\n","protected":false},"author":1,"featured_media":14,"parent":0,"menu_order":0,"comment_status":"closed","ping_status":"closed","template":"","meta":{"footnotes":""},"class_list":["post-12","page","type-page","status-publish","has-post-thumbnail"],"acf":[],"_links":{"self":[{"href":"https:\/\/fujiplant.jp\/index.php?rest_route=\/wp\/v2\/pages\/12","targetHints":{"allow":["GET"]}}],"collection":[{"href":"https:\/\/fujiplant.jp\/index.php?rest_route=\/wp\/v2\/pages"}],"about":[{"href":"https:\/\/fujiplant.jp\/index.php?rest_route=\/wp\/v2\/types\/page"}],"author":[{"embeddable":true,"href":"https:\/\/fujiplant.jp\/index.php?rest_route=\/wp\/v2\/users\/1"}],"replies":[{"embeddable":true,"href":"https:\/\/fujiplant.jp\/index.php?rest_route=%2Fwp%2Fv2%2Fcomments&post=12"}],"version-history":[{"count":181,"href":"https:\/\/fujiplant.jp\/index.php?rest_route=\/wp\/v2\/pages\/12\/revisions"}],"predecessor-version":[{"id":599,"href":"https:\/\/fujiplant.jp\/index.php?rest_route=\/wp\/v2\/pages\/12\/revisions\/599"}],"wp:featuredmedia":[{"embeddable":true,"href":"https:\/\/fujiplant.jp\/index.php?rest_route=\/wp\/v2\/media\/14"}],"wp:attachment":[{"href":"https:\/\/fujiplant.jp\/index.php?rest_route=%2Fwp%2Fv2%2Fmedia&parent=12"}],"curies":[{"name":"wp","href":"https:\/\/api.w.org\/{rel}","templated":true}]}}